{"id":99,"date":"2022-01-01T16:50:13","date_gmt":"2022-01-01T15:50:13","guid":{"rendered":"https:\/\/serdart.com\/?page_id=99"},"modified":"2025-10-04T12:50:53","modified_gmt":"2025-10-04T10:50:53","slug":"stage-de-serigraphie-artisanale","status":"publish","type":"page","link":"https:\/\/serdart.com\/index.php\/stage-de-serigraphie-artisanale\/","title":{"rendered":"Stages de s\u00e9rigraphie artisanale"},"content":{"rendered":"\n<p><em><strong>Il s\u2019agit de stages de s\u00e9rigraphie artisanale et non de s\u00e9rigraphie industrielle. Tous les travaux sont r\u00e9alis\u00e9s enti\u00e8rement \u00e0 la main : la confection d\u2019\u00e9crans et le tirage sur diff\u00e9rents supports. Le stagiaire apprend diff\u00e9rentes techniques de transfert d\u2019une image ou d\u2019un dessin sur un \u00e9cran, se familiarise au m\u00e9lange des encres et s\u2019entra\u00eene \u00e0 l\u2019impression sur feuilles de papier et tissus.<\/strong><\/em><\/p>\n\n\n\n<p><em><strong>Les stages sont r\u00e9partis sur plusieurs niveaux et chaque niveau dure 4 semaines &nbsp;<\/strong><\/em><\/p>\n\n\n\n<ul>\n<li><strong>&nbsp;&nbsp; 1. <span style=\"color:#0a7951\" class=\"has-inline-color\">Niveau Initiation <\/span>: <em>r<\/em><\/strong><em><strong><em>appel<\/em> th\u00e9orique des diff\u00e9rentes techniques de la s\u00e9rigraphie depuis son origine en Chine jusqu\u2019\u00e0 nos jours.<\/strong><\/em>\n<ul>\n<li><em><strong>Exercices pratiques :&nbsp;confection manuelle d\u2019\u00e9crans (m\u00e9thode ancestrale chinoise, m\u00e9thode au bouche pores, \u00e0 latex liquide, au glyko, \u00e0 la frisquette etc\u2026)<\/strong><\/em><\/li>\n\n\n\n<li><em><strong>Pr\u00e9paration de l\u2019encre et impression sur diff\u00e9rents supports (papier, tissu, carton, Tee-shirts, etc\u2026)<\/strong><\/em><\/li>\n<\/ul>\n<\/li>\n\n\n\n<li><strong>&nbsp;&nbsp;2.<\/strong> <strong><span style=\"color:#165071\" class=\"has-inline-color\">Niveau Approfondissement :<\/span><span style=\"color:#0a4262\" class=\"has-inline-color\"> <\/span><\/strong><em><strong>Approfondissement de certains points techniques concernant le clichage manuel et photochimique.&nbsp;Couleurs et encres. Analyse et colorim\u00e9trie des encres. Harmonie des couleurs, contraste, d\u00e9grad\u00e9s,&nbsp;recherche de teintes, etc\u2026&nbsp;Pr\u00e9paration de teintes et impression sur diff\u00e9rents supports .<\/strong><\/em><\/li>\n<\/ul>\n\n\n\n<p><strong><em><strong>Prix : 400\u20ac par niveau pour 32 heures de stage par personne.&nbsp;<\/strong><\/em><\/strong><\/p>\n\n\n\n<p><strong><em><strong><em><strong>Tout le mat\u00e9riel et les fournitures sont fournis et compris dans le prix.<\/strong><\/em><\/strong><\/em><\/strong><\/p>\n\n\n\n<p><strong>T\u00e9l\u00e9phone : &nbsp; +33 6 33 44 38 47&nbsp;&nbsp; &nbsp; \u2013&nbsp; &nbsp;&nbsp;&nbsp; e-mail : <a href=\"mailto:nick@serdart.fr\" target=\"_blank\" rel=\"noreferrer noopener\">nick@serdart.fr<\/a><\/strong><\/p>\n\n\n\n<p><em><strong>Chaque niveau dure un mois, deux apr\u00e8s-midi par semaine :<\/strong><\/em><\/p>\n\n\n\n<ul>\n<li><em><strong>Soit&nbsp;<\/strong><\/em><em><strong>les mardi et jeudi de 14h \u00e0 18h<\/strong><\/em><\/li>\n\n\n\n<li><em><strong>Soit les samedi et dimanche de 14h \u00e0 18h &nbsp; &nbsp;<\/strong><\/em><\/li>\n<\/ul>\n\n\n\n<p><em><strong>Les s\u00e9ances se d\u00e9roulent en petits groupes de 3 stagiaires maximum,&nbsp;dans mon atelier \u00e0 Paris au : &nbsp; &nbsp;<\/strong><\/em><a href=\"https:\/\/goo.gl\/maps\/G1GncxnTJsZ2BUpS6\" target=\"_blank\" rel=\"noreferrer noopener\"><strong>17, rue La Vieuville,&nbsp;75018 Paris<\/strong><\/a><\/p>\n\n\n\n<p class=\"has-text-align-center has-vivid-red-color has-text-color\"><strong><span class=\"has-inline-color has-vivid-red-color\">La prochaine session \u00e0 Paris aura lieu du mardi 4 novembre 2025 au jeudi 27 novembre 2025.<\/span><\/strong><\/p>\n\n\n\n<p class=\"has-text-align-center\"><strong>En \u00e9t\u00e9 les stages ont lieu en Croatie \u00e0 Kor\u010dula. <a rel=\"noreferrer noopener\" href=\"http:\/\/serdart.fr\/index.php\/stages-a-korcula\/\" target=\"_blank\">Voir mon site ici pour en savoir plus<\/a><\/strong><\/p>\n\n\n\n<p class=\"has-text-align-center\"><strong>Mon autre site<\/strong> <strong><a rel=\"noreferrer noopener\" href=\"https:\/\/serdart.eu\/\" target=\"_blank\">serdart.eu<\/a><\/strong><\/p>\n\n\n<div class=\"wp-block-image\">\n<figure class=\"aligncenter\"><img decoding=\"async\" src=\"http:\/\/serdart.fr\/wp-content\/uploads\/2021\/02\/stage-Paris.png\" alt=\"\" class=\"wp-image-19\"\/><\/figure><\/div>","protected":false},"excerpt":{"rendered":"<p>Il s\u2019agit de stages de s\u00e9rigraphie artisanale et non de s\u00e9rigraphie industrielle. Tous les travaux sont r\u00e9alis\u00e9s enti\u00e8rement \u00e0 la main : la confection d\u2019\u00e9crans et le tirage sur diff\u00e9rents supports. Le stagiaire apprend diff\u00e9rentes techniques de transfert d\u2019une image ou d\u2019un dessin sur un \u00e9cran, se familiarise au m\u00e9lange des encres et s\u2019entra\u00eene \u00e0 [&hellip;]<\/p>\n","protected":false},"author":1,"featured_media":0,"parent":0,"menu_order":0,"comment_status":"closed","ping_status":"closed","template":"","meta":{"footnotes":""},"_links":{"self":[{"href":"https:\/\/serdart.com\/index.php\/wp-json\/wp\/v2\/pages\/99"}],"collection":[{"href":"https:\/\/serdart.com\/index.php\/wp-json\/wp\/v2\/pages"}],"about":[{"href":"https:\/\/serdart.com\/index.php\/wp-json\/wp\/v2\/types\/page"}],"author":[{"embeddable":true,"href":"https:\/\/serdart.com\/index.php\/wp-json\/wp\/v2\/users\/1"}],"replies":[{"embeddable":true,"href":"https:\/\/serdart.com\/index.php\/wp-json\/wp\/v2\/comments?post=99"}],"version-history":[{"count":30,"href":"https:\/\/serdart.com\/index.php\/wp-json\/wp\/v2\/pages\/99\/revisions"}],"predecessor-version":[{"id":256,"href":"https:\/\/serdart.com\/index.php\/wp-json\/wp\/v2\/pages\/99\/revisions\/256"}],"wp:attachment":[{"href":"https:\/\/serdart.com\/index.php\/wp-json\/wp\/v2\/media?parent=99"}],"curies":[{"name":"wp","href":"https:\/\/api.w.org\/{rel}","templated":true}]}}