{"id":40,"date":"2021-12-26T18:14:54","date_gmt":"2021-12-26T17:14:54","guid":{"rendered":"http:\/\/serdart.com\/?page_id=40"},"modified":"2025-08-20T17:06:24","modified_gmt":"2025-08-20T15:06:24","slug":"latelier-de-serigraphie","status":"publish","type":"page","link":"https:\/\/serdart.com\/","title":{"rendered":"L&#8217;atelier de s\u00e9rigraphie"},"content":{"rendered":"\n<p class=\"has-drop-cap has-small-font-size\"><\/p>\n\n\n\n<div class=\"wp-block-group\"><div class=\"wp-block-group__inner-container is-layout-flow wp-block-group-is-layout-flow\"><div class=\"wp-block-image\">\n<figure class=\"alignleft size-full is-resized\"><img loading=\"lazy\" decoding=\"async\" width=\"768\" height=\"556\" src=\"http:\/\/serdart.com\/wp-content\/uploads\/2021\/12\/atelier-serdart-768x556-1.jpg\" alt=\"\" class=\"wp-image-49\" style=\"width:595px;height:431px\" srcset=\"https:\/\/serdart.com\/wp-content\/uploads\/2021\/12\/atelier-serdart-768x556-1.jpg 768w, https:\/\/serdart.com\/wp-content\/uploads\/2021\/12\/atelier-serdart-768x556-1-300x217.jpg 300w\" sizes=\"(max-width: 768px) 100vw, 768px\" \/><figcaption class=\"wp-element-caption\">Atelier de s\u00e9rigraphie Serd&#8217;Art \u00e0 Montmartre<\/figcaption><\/figure><\/div>\n\n\n<p><\/p>\n\n\n\n<p style=\"font-size:18px\"><strong><em>Il y a une trentaine d\u2019ann\u00e9es j\u2019ai install\u00e9 mon atelier d\u2019artiste au 17 rue La Vieuville, une rue pittoresque de Montmartre \u00e0 Paris. L\u2019atelier donne sur la rue ce qui me permet de faire conna\u00eetre mon travail aux gens de passage : peinture, s\u00e9rigraphie d\u2019art, T-shirts, tamigraphie.<\/em><\/strong><\/p>\n<\/div><\/div>\n\n\n\n<p style=\"font-size:18px\"><em><strong>&nbsp;&nbsp;&nbsp; J\u2019organise \u00e9galement dans mon atelier des stages de s\u00e9rigraphie artisanale et de tamigraphie. Aucune machine n\u2019est utilis\u00e9e. Depuis le dessin, la pr\u00e9paration de pochoirs et le tirage (passage de la raclette sur l\u2019\u00e9cran), tout est enti\u00e8rement fait \u00e0 la main. Les encres utilis\u00e9es sur le papier, la toile, le tissu etc, et tous les autres produits sont non nocifs et enti\u00e8rement biod\u00e9gradables.<\/strong><\/em><\/p>\n\n\n\n<p><strong>Mes autre<\/strong>s <strong>sites web :<\/strong> <a href=\"http:\/\/serdart.fr\/\" target=\"_blank\" rel=\"noreferrer noopener\"><strong>http:\/\/serdart.fr\/<\/strong><\/a> &#8211; <strong><a href=\"http:\/\/serdart.eu\/\" target=\"_blank\" rel=\"noreferrer noopener\">http:\/\/serdart.eu\/<\/a><\/strong> &#8211; <a href=\"http:\/\/serigraphie-artisanale.fr\/\" target=\"_blank\" rel=\"noreferrer noopener\"><strong>http:\/\/serigraphie-artisanale.fr\/<\/strong><\/a> &#8211; <strong><a href=\"http:\/\/serdart.hr\/\" target=\"_blank\" rel=\"noreferrer noopener\">http:\/\/serdart.hr\/<\/a><\/strong><\/p>\n\n\n\n<p><\/p>\n","protected":false},"excerpt":{"rendered":"<p>Il y a une trentaine d\u2019ann\u00e9es j\u2019ai install\u00e9 mon atelier d\u2019artiste au 17 rue La Vieuville, une rue pittoresque de Montmartre \u00e0 Paris. L\u2019atelier donne sur la rue ce qui me permet de faire conna\u00eetre mon travail aux gens de passage : peinture, s\u00e9rigraphie d\u2019art, T-shirts, tamigraphie. &nbsp;&nbsp;&nbsp; J\u2019organise \u00e9galement dans mon atelier des stages [&hellip;]<\/p>\n","protected":false},"author":1,"featured_media":0,"parent":0,"menu_order":0,"comment_status":"closed","ping_status":"closed","template":"","meta":{"footnotes":""},"_links":{"self":[{"href":"https:\/\/serdart.com\/index.php\/wp-json\/wp\/v2\/pages\/40"}],"collection":[{"href":"https:\/\/serdart.com\/index.php\/wp-json\/wp\/v2\/pages"}],"about":[{"href":"https:\/\/serdart.com\/index.php\/wp-json\/wp\/v2\/types\/page"}],"author":[{"embeddable":true,"href":"https:\/\/serdart.com\/index.php\/wp-json\/wp\/v2\/users\/1"}],"replies":[{"embeddable":true,"href":"https:\/\/serdart.com\/index.php\/wp-json\/wp\/v2\/comments?post=40"}],"version-history":[{"count":22,"href":"https:\/\/serdart.com\/index.php\/wp-json\/wp\/v2\/pages\/40\/revisions"}],"predecessor-version":[{"id":254,"href":"https:\/\/serdart.com\/index.php\/wp-json\/wp\/v2\/pages\/40\/revisions\/254"}],"wp:attachment":[{"href":"https:\/\/serdart.com\/index.php\/wp-json\/wp\/v2\/media?parent=40"}],"curies":[{"name":"wp","href":"https:\/\/api.w.org\/{rel}","templated":true}]}}