{"id":172,"date":"2022-08-02T11:10:51","date_gmt":"2022-08-02T09:10:51","guid":{"rendered":"http:\/\/serdart.com\/?page_id=172"},"modified":"2022-08-02T11:11:52","modified_gmt":"2022-08-02T09:11:52","slug":"opticka-umjetnost","status":"publish","type":"page","link":"https:\/\/serdart.com\/index.php\/opticka-umjetnost\/","title":{"rendered":"Opti\u010dka Umjetnost"},"content":{"rendered":"\n<p><strong>Opti\u010dka i Kineti\u010dka umjetnost<\/strong><\/p>\n\n\n\n<div class=\"wp-block-image is-style-default\"><figure class=\"alignleft size-full is-resized\"><img loading=\"lazy\" decoding=\"async\" src=\"http:\/\/serdart.com\/wp-content\/uploads\/2022\/08\/tamigraphie4.jpg\" alt=\"\" class=\"wp-image-148\" width=\"270\" height=\"490\" srcset=\"https:\/\/serdart.com\/wp-content\/uploads\/2022\/08\/tamigraphie4.jpg 373w, https:\/\/serdart.com\/wp-content\/uploads\/2022\/08\/tamigraphie4-165x300.jpg 165w\" sizes=\"(max-width: 270px) 100vw, 270px\" \/><\/figure><\/div>\n\n\n\n<p>Op art ili Opti\u010dka umjetnost vas poziva da aktivno pogledate sliku i igrate se kineti\u010dkim i &nbsp;opti\u010dkim efektima koje je umjetnik stvorio. Moje slike su stati\u010dne ali ih va\u0161 mozak mo\u017ee staviti u virtualni pokret te im mo\u017ee po \u017eelji promijeniti vizualnu percepciju. Ovo je sve mogu\u0107e jer dizajn i aplicirane boje kriju nekoliko sadr\u017eaja koje aktivno oko mo\u017ee percipirati kao konkavne ili konveksne. Moj rad se sastoji u kori\u0161tenju abstraktnih i polufigurativnih oblika i boja da bi se stvorile duple slike koje su u savr\u0161enoj ravnote\u017ei.<\/p>\n\n\n\n<p>Serigrafija dopu\u0161ta skoro savr\u0161eno apliciranje boja tako da detalji ne privla\u010de va\u0161e oko. Na taj na\u010din mo\u017eete zaboraviti materijalnost slike i fokusirati se na su\u0161tinu slikovne poruke \u0161to je kineti\u010dki moment.<\/p>\n\n\n\n<p>Sada je na vama da poku\u0161ate, uhvatite to\u010dku ravnote\u017ee i usavr\u0161ite prebacivanje iz jednog u drugi sadr\u017eaj. Na taj na\u010din aktivno sudjelujete u pokretanju mojih slika!<\/p>\n\n\n\n<p>Kako sam se zainteresirao za Opti\u010dku i Kineti\u010dku umjetnost?<\/p>\n\n\n\n<p>Uz istra\u017eivanje estetike boja i oblika, ravnote\u017ee i harmonije kroz kori\u0161tenje Zlatnog reza moram spomenuti i Jogu koju prakticiram ve\u0107 du\u017ee vrijeme. Moja djela vas pozivaju da po\u010dnete prakticirati mentalnu Jogu poput Tibetanske mandale s kojom sam se upoznao&nbsp; dok sam studirao u L\u2019ecole des Beaux Arts. Profinjenost Kineti\u010dke umjetnosti sam upoznao rade\u0107i u studiju Victora Vasarelyja. Igraju\u0107i se pokretom kroz moje slike i serigrafiju zapravo vje\u017ebate mozak&nbsp; i to vje\u017ebama sli\u010dnim meditaciji koja vas poziva na introspekciju.<\/p>\n","protected":false},"excerpt":{"rendered":"<p>Opti\u010dka i Kineti\u010dka umjetnost Op art ili Opti\u010dka umjetnost vas poziva da aktivno pogledate sliku i igrate se kineti\u010dkim i &nbsp;opti\u010dkim efektima koje je umjetnik stvorio. Moje slike su stati\u010dne ali ih va\u0161 mozak mo\u017ee staviti u virtualni pokret te im mo\u017ee po \u017eelji promijeniti vizualnu percepciju. Ovo je sve mogu\u0107e jer dizajn i aplicirane [&hellip;]<\/p>\n","protected":false},"author":1,"featured_media":0,"parent":0,"menu_order":0,"comment_status":"closed","ping_status":"closed","template":"","meta":{"footnotes":""},"_links":{"self":[{"href":"https:\/\/serdart.com\/index.php\/wp-json\/wp\/v2\/pages\/172"}],"collection":[{"href":"https:\/\/serdart.com\/index.php\/wp-json\/wp\/v2\/pages"}],"about":[{"href":"https:\/\/serdart.com\/index.php\/wp-json\/wp\/v2\/types\/page"}],"author":[{"embeddable":true,"href":"https:\/\/serdart.com\/index.php\/wp-json\/wp\/v2\/users\/1"}],"replies":[{"embeddable":true,"href":"https:\/\/serdart.com\/index.php\/wp-json\/wp\/v2\/comments?post=172"}],"version-history":[{"count":2,"href":"https:\/\/serdart.com\/index.php\/wp-json\/wp\/v2\/pages\/172\/revisions"}],"predecessor-version":[{"id":175,"href":"https:\/\/serdart.com\/index.php\/wp-json\/wp\/v2\/pages\/172\/revisions\/175"}],"wp:attachment":[{"href":"https:\/\/serdart.com\/index.php\/wp-json\/wp\/v2\/media?parent=172"}],"curies":[{"name":"wp","href":"https:\/\/api.w.org\/{rel}","templated":true}]}}