{"id":165,"date":"2022-08-02T10:53:34","date_gmt":"2022-08-02T08:53:34","guid":{"rendered":"http:\/\/serdart.com\/?page_id=165"},"modified":"2022-08-02T10:53:34","modified_gmt":"2022-08-02T08:53:34","slug":"lart-optique","status":"publish","type":"page","link":"https:\/\/serdart.com\/index.php\/lart-optique\/","title":{"rendered":"L&#8217;art optique"},"content":{"rendered":"\n<div class=\"wp-block-image is-style-default\"><figure class=\"alignleft size-full is-resized\"><img loading=\"lazy\" decoding=\"async\" src=\"http:\/\/serdart.com\/wp-content\/uploads\/2022\/08\/tamigraphie4.jpg\" alt=\"\" class=\"wp-image-148\" width=\"264\" height=\"480\" srcset=\"https:\/\/serdart.com\/wp-content\/uploads\/2022\/08\/tamigraphie4.jpg 373w, https:\/\/serdart.com\/wp-content\/uploads\/2022\/08\/tamigraphie4-165x300.jpg 165w\" sizes=\"(max-width: 264px) 100vw, 264px\" \/><\/figure><\/div>\n\n\n\n<p>L\u2019Op Art, Optical Art, Art Optique vous invite \u00e0 poser un regard actif sur l\u2019oeuvre, \u00e0 jouer avec l\u2019effet optique cr\u00e9\u00e9 par l\u2019artiste et induire vous-m\u00eame une perception cin\u00e9tique. L\u2019oeuvre est picturale et statique mais votre cerveau peut la mettre en mouvement, en faire changer votre perception \u00e0 votre guise. Car le motif et les aplats de couleurs cachent plusieurs volumes possibles que l\u2019oeil exerc\u00e9 et actif per\u00e7oit en creux ou en pro\u00e9minence.<\/p>\n\n\n\n<p>Tout l\u2019art de l\u2019artiste consiste \u00e0 utiliser formes abstraites ou g\u00e9om\u00e9triques et couleurs de fa\u00e7on \u00e0 cr\u00e9er des images qui soient en \u00e9quilibre parfait entre deux volumes. Votre cerveau doit pouvoir facilement d\u00e9clencher le basculement d\u2019un volume \u00e0 l\u2019autre. La s\u00e9rigraphie permet d\u2019obtenir des aplats de couleurs presque parfaits sur lesquels le regard n\u2019achoppe pas. Le regard peut ainsi faire abstraction de la mat\u00e9rialit\u00e9 de l\u2019oeuvre et se concentrer sur l\u2019essence du message pictural qui est l\u2019effet cin\u00e9tique.<\/p>\n\n\n\n<p>A vous de jouer \u00e0 saisir le point d\u2019\u00e9quilibre et \u00e0 en ma\u00eetriser le basculement pour participer \u00e0 la mise en mouvement de mes images !<\/p>\n\n\n\n<p>Au del\u00e0 de ma recherche esth\u00e9tique sur les couleurs et les formes, l\u2019\u00e9quilibre et l\u2019harmonie par l\u2019utilisation, entre autre, du nombre d\u2019or, il y a mon int\u00e9r\u00eat pour le yoga que j\u2019ai longtemps pratiqu\u00e9. Mes oeuvres incitent \u00e0 un yoga mental tout comme les Mandalas tib\u00e9tains que j\u2019ai d\u00e9couverts \u00e0 la m\u00eame \u00e9poque, quand j\u2019\u00e9tudiais \u00e0 l\u2019\u00e9cole des Beaux Arts. J\u2019ai aussi d\u00e9couvert les subtilit\u00e9s de l\u2019art cin\u00e9tique et des harmonies de couleurs en travaillant dans l\u2019atelier de Victor Vasarely. Ce jeu avec le mouvement que je propose \u00e0 travers mes oeuvres (peintures et s\u00e9rigraphies) est donc une gymnastique mentale qui s\u2019apparente \u00e0 de la m\u00e9ditation et vous invite \u00e0 une introspection<em><strong>.<\/strong><\/em><\/p>\n","protected":false},"excerpt":{"rendered":"<p>L\u2019Op Art, Optical Art, Art Optique vous invite \u00e0 poser un regard actif sur l\u2019oeuvre, \u00e0 jouer avec l\u2019effet optique cr\u00e9\u00e9 par l\u2019artiste et induire vous-m\u00eame une perception cin\u00e9tique. L\u2019oeuvre est picturale et statique mais votre cerveau peut la mettre en mouvement, en faire changer votre perception \u00e0 votre guise. Car le motif et les [&hellip;]<\/p>\n","protected":false},"author":1,"featured_media":0,"parent":0,"menu_order":0,"comment_status":"closed","ping_status":"closed","template":"","meta":{"footnotes":""},"_links":{"self":[{"href":"https:\/\/serdart.com\/index.php\/wp-json\/wp\/v2\/pages\/165"}],"collection":[{"href":"https:\/\/serdart.com\/index.php\/wp-json\/wp\/v2\/pages"}],"about":[{"href":"https:\/\/serdart.com\/index.php\/wp-json\/wp\/v2\/types\/page"}],"author":[{"embeddable":true,"href":"https:\/\/serdart.com\/index.php\/wp-json\/wp\/v2\/users\/1"}],"replies":[{"embeddable":true,"href":"https:\/\/serdart.com\/index.php\/wp-json\/wp\/v2\/comments?post=165"}],"version-history":[{"count":1,"href":"https:\/\/serdart.com\/index.php\/wp-json\/wp\/v2\/pages\/165\/revisions"}],"predecessor-version":[{"id":166,"href":"https:\/\/serdart.com\/index.php\/wp-json\/wp\/v2\/pages\/165\/revisions\/166"}],"wp:attachment":[{"href":"https:\/\/serdart.com\/index.php\/wp-json\/wp\/v2\/media?parent=165"}],"curies":[{"name":"wp","href":"https:\/\/api.w.org\/{rel}","templated":true}]}}