{"id":119,"date":"2022-08-02T09:14:37","date_gmt":"2022-08-02T07:14:37","guid":{"rendered":"http:\/\/serdart.com\/?page_id=119"},"modified":"2024-05-10T21:50:30","modified_gmt":"2024-05-10T19:50:30","slug":"galerie","status":"publish","type":"page","link":"https:\/\/serdart.com\/index.php\/galerie\/","title":{"rendered":"Galerie"},"content":{"rendered":"\n<div class=\"wp-block-columns is-layout-flex wp-container-core-columns-is-layout-2 wp-block-columns-is-layout-flex\">\n<div class=\"wp-block-column is-layout-flow wp-block-column-is-layout-flow\" style=\"flex-basis:100%\">\n<div class=\"wp-block-columns is-layout-flex wp-container-core-columns-is-layout-1 wp-block-columns-is-layout-flex\">\n<div class=\"wp-block-column is-layout-flow wp-block-column-is-layout-flow\"><div class=\"wp-block-image is-style-default\">\n<figure class=\"aligncenter size-full is-resized\"><img loading=\"lazy\" decoding=\"async\" width=\"399\" height=\"677\" src=\"http:\/\/serdart.com\/wp-content\/uploads\/2022\/08\/Cigra.jpg\" alt=\"\" class=\"wp-image-141\" style=\"width:262px;height:auto\" srcset=\"https:\/\/serdart.com\/wp-content\/uploads\/2022\/08\/Cigra.jpg 399w, https:\/\/serdart.com\/wp-content\/uploads\/2022\/08\/Cigra-177x300.jpg 177w\" sizes=\"(max-width: 399px) 100vw, 399px\" \/><figcaption class=\"wp-element-caption\"><strong>Cigra 2<\/strong> &#8211; S\u00e9rigraphie originale tir\u00e9e sur papier Cath\u00e9drale 50x65cm en 50 exemplaires &#8211; 80\u20ac<\/figcaption><\/figure><\/div><\/div>\n\n\n\n<div class=\"wp-block-column is-layout-flow wp-block-column-is-layout-flow\"><div class=\"wp-block-image is-style-default\">\n<figure class=\"aligncenter size-full is-resized\"><img loading=\"lazy\" decoding=\"async\" width=\"409\" height=\"677\" src=\"http:\/\/serdart.com\/wp-content\/uploads\/2022\/08\/tamigraphie-2.jpg\" alt=\"\" class=\"wp-image-142\" style=\"width:265px;height:auto\" srcset=\"https:\/\/serdart.com\/wp-content\/uploads\/2022\/08\/tamigraphie-2.jpg 409w, https:\/\/serdart.com\/wp-content\/uploads\/2022\/08\/tamigraphie-2-181x300.jpg 181w\" sizes=\"(max-width: 409px) 100vw, 409px\" \/><figcaption class=\"wp-element-caption\"><strong>Pulsar 5<\/strong> &#8211; S\u00e9rigraphie originale tir\u00e9e sur papier Aquarelle Canson 50x65cm en 10 exemplaires &#8211; 80\u20ac<\/figcaption><\/figure><\/div>\n\n\n<p><\/p>\n<\/div>\n\n\n\n<div class=\"wp-block-column is-layout-flow wp-block-column-is-layout-flow\"><div class=\"wp-block-image is-style-default\">\n<figure class=\"aligncenter size-full is-resized\"><img loading=\"lazy\" decoding=\"async\" width=\"401\" height=\"677\" src=\"http:\/\/serdart.com\/wp-content\/uploads\/2022\/08\/tamigraphie3.jpg\" alt=\"\" class=\"wp-image-143\" style=\"width:258px;height:auto\" srcset=\"https:\/\/serdart.com\/wp-content\/uploads\/2022\/08\/tamigraphie3.jpg 401w, https:\/\/serdart.com\/wp-content\/uploads\/2022\/08\/tamigraphie3-178x300.jpg 178w\" sizes=\"(max-width: 401px) 100vw, 401px\" \/><figcaption class=\"wp-element-caption\"><strong>Portrait de Dali <\/strong>&#8211; S\u00e9rigraphie originale tir\u00e9e sur papier Takko 400 gr 44x57cm en 100 exemplaires &#8211; 80\u20ac<\/figcaption><\/figure><\/div><\/div>\n<\/div>\n<\/div>\n<\/div>\n\n\n\n<div class=\"wp-block-columns is-layout-flex wp-container-core-columns-is-layout-3 wp-block-columns-is-layout-flex\">\n<div class=\"wp-block-column is-layout-flow wp-block-column-is-layout-flow\"><div class=\"wp-block-image is-style-default\">\n<figure class=\"aligncenter size-full is-resized\"><img loading=\"lazy\" decoding=\"async\" width=\"373\" height=\"677\" src=\"http:\/\/serdart.com\/wp-content\/uploads\/2022\/08\/tamigraphie4.jpg\" alt=\"\" class=\"wp-image-148\" style=\"width:224px;height:auto\" srcset=\"https:\/\/serdart.com\/wp-content\/uploads\/2022\/08\/tamigraphie4.jpg 373w, https:\/\/serdart.com\/wp-content\/uploads\/2022\/08\/tamigraphie4-165x300.jpg 165w\" sizes=\"(max-width: 373px) 100vw, 373px\" \/><figcaption class=\"wp-element-caption\"><strong>Vert 69<\/strong> &#8211; S\u00e9rigraphie originale<br> tir\u00e9e sur papier aquarelle Canson 50x65cm <br>en 20 exemplaires &#8211; 80\u20ac<\/figcaption><\/figure><\/div><\/div>\n\n\n\n<div class=\"wp-block-column is-layout-flow wp-block-column-is-layout-flow\"><div class=\"wp-block-image is-style-default\">\n<figure class=\"aligncenter size-full is-resized\"><img loading=\"lazy\" decoding=\"async\" width=\"413\" height=\"677\" src=\"http:\/\/serdart.com\/wp-content\/uploads\/2022\/08\/tamigraphie5.jpg\" alt=\"\" class=\"wp-image-149\" style=\"width:251px;height:auto\" srcset=\"https:\/\/serdart.com\/wp-content\/uploads\/2022\/08\/tamigraphie5.jpg 413w, https:\/\/serdart.com\/wp-content\/uploads\/2022\/08\/tamigraphie5-183x300.jpg 183w\" sizes=\"(max-width: 413px) 100vw, 413px\" \/><figcaption class=\"wp-element-caption\"><strong>Zubra 2<\/strong> &#8211; S\u00e9rigraphie originale tir\u00e9e sur papier aquarelle Canson 50x65cm en 10 exemplaires &#8211; 80\u20ac<\/figcaption><\/figure><\/div><\/div>\n\n\n\n<div class=\"wp-block-column is-layout-flow wp-block-column-is-layout-flow\"><div class=\"wp-block-image is-style-default\">\n<figure class=\"aligncenter size-full is-resized\"><img loading=\"lazy\" decoding=\"async\" width=\"343\" height=\"677\" src=\"http:\/\/serdart.com\/wp-content\/uploads\/2022\/08\/tamigraphie6.jpg\" alt=\"\" class=\"wp-image-153\" style=\"width:210px;height:auto\" srcset=\"https:\/\/serdart.com\/wp-content\/uploads\/2022\/08\/tamigraphie6.jpg 343w, https:\/\/serdart.com\/wp-content\/uploads\/2022\/08\/tamigraphie6-152x300.jpg 152w\" sizes=\"(max-width: 343px) 100vw, 343px\" \/><figcaption class=\"wp-element-caption\"><strong>Far 2b<\/strong> &#8211; S\u00e9rigraphie originale tir\u00e9e sur papier Cath\u00e9drale 50x65cm en 40 exemplaires &#8211; 80\u20ac<\/figcaption><\/figure><\/div><\/div>\n<\/div>\n\n\n\n<div class=\"wp-block-columns is-layout-flex wp-container-core-columns-is-layout-4 wp-block-columns-is-layout-flex\">\n<div class=\"wp-block-column is-layout-flow wp-block-column-is-layout-flow\"><div class=\"wp-block-image is-style-default\">\n<figure class=\"aligncenter size-full is-resized\"><img loading=\"lazy\" decoding=\"async\" width=\"353\" height=\"677\" src=\"http:\/\/serdart.com\/wp-content\/uploads\/2022\/08\/tamigraphie7.jpg\" alt=\"\" class=\"wp-image-160\" style=\"width:249px;height:auto\" srcset=\"https:\/\/serdart.com\/wp-content\/uploads\/2022\/08\/tamigraphie7.jpg 353w, https:\/\/serdart.com\/wp-content\/uploads\/2022\/08\/tamigraphie7-156x300.jpg 156w\" sizes=\"(max-width: 353px) 100vw, 353px\" \/><figcaption class=\"wp-element-caption\"><strong>Mask 2<\/strong> &#8211; S\u00e9rigraphie originale tir\u00e9e sur papier v\u00e9lin d&#8217;Arches 58x76cm en 20 exemplaires &#8211; 80\u20ac<\/figcaption><\/figure><\/div><\/div>\n\n\n\n<div class=\"wp-block-column is-layout-flow wp-block-column-is-layout-flow\"><div class=\"wp-block-image is-style-default\">\n<figure class=\"aligncenter size-full is-resized\"><img loading=\"lazy\" decoding=\"async\" width=\"400\" height=\"677\" src=\"http:\/\/serdart.com\/wp-content\/uploads\/2022\/08\/tamigraphie8.jpg\" alt=\"\" class=\"wp-image-161\" style=\"width:281px;height:auto\" srcset=\"https:\/\/serdart.com\/wp-content\/uploads\/2022\/08\/tamigraphie8.jpg 400w, https:\/\/serdart.com\/wp-content\/uploads\/2022\/08\/tamigraphie8-177x300.jpg 177w\" sizes=\"(max-width: 400px) 100vw, 400px\" \/><figcaption class=\"wp-element-caption\"><strong>2net3 <\/strong>&#8211; S\u00e9rigraphie originale<br> tir\u00e9e sur papier aquarelle Canson 50x65cm <br>en 30 exemplaires &#8211; 80\u20ac<\/figcaption><\/figure><\/div><\/div>\n\n\n\n<div class=\"wp-block-column is-layout-flow wp-block-column-is-layout-flow\"><div class=\"wp-block-image is-style-default\">\n<figure class=\"aligncenter size-full is-resized\"><img loading=\"lazy\" decoding=\"async\" width=\"377\" height=\"677\" src=\"http:\/\/serdart.com\/wp-content\/uploads\/2022\/08\/tamigraphie9.jpg\" alt=\"\" class=\"wp-image-162\" style=\"width:263px;height:auto\" srcset=\"https:\/\/serdart.com\/wp-content\/uploads\/2022\/08\/tamigraphie9.jpg 377w, https:\/\/serdart.com\/wp-content\/uploads\/2022\/08\/tamigraphie9-167x300.jpg 167w\" sizes=\"(max-width: 377px) 100vw, 377px\" \/><figcaption class=\"wp-element-caption\"><strong>Quasar 2<\/strong> &#8211; S\u00e9rigraphie originale<br> tir\u00e9e sur papier aquarelle Canson 50x65cm <br>en 10 exemplaires &#8211; 80\u20ac<\/figcaption><\/figure><\/div><\/div>\n<\/div>\n\n\n\n<figure class=\"wp-block-image size-large is-style-default\"><a href=\"https:\/\/serdart.eu\/index.php\/gallery\/\" target=\"_blank\" rel=\"noopener\"><img loading=\"lazy\" decoding=\"async\" width=\"1024\" height=\"654\" src=\"http:\/\/serdart.com\/wp-content\/uploads\/2022\/08\/galerie-1024x654.png\" alt=\"\" class=\"wp-image-205\" srcset=\"https:\/\/serdart.com\/wp-content\/uploads\/2022\/08\/galerie-1024x654.png 1024w, https:\/\/serdart.com\/wp-content\/uploads\/2022\/08\/galerie-300x192.png 300w, https:\/\/serdart.com\/wp-content\/uploads\/2022\/08\/galerie-768x490.png 768w, https:\/\/serdart.com\/wp-content\/uploads\/2022\/08\/galerie.png 1071w\" sizes=\"(max-width: 1024px) 100vw, 1024px\" \/><\/a><\/figure>\n","protected":false},"excerpt":{"rendered":"","protected":false},"author":1,"featured_media":0,"parent":0,"menu_order":0,"comment_status":"closed","ping_status":"closed","template":"","meta":{"footnotes":""},"_links":{"self":[{"href":"https:\/\/serdart.com\/index.php\/wp-json\/wp\/v2\/pages\/119"}],"collection":[{"href":"https:\/\/serdart.com\/index.php\/wp-json\/wp\/v2\/pages"}],"about":[{"href":"https:\/\/serdart.com\/index.php\/wp-json\/wp\/v2\/types\/page"}],"author":[{"embeddable":true,"href":"https:\/\/serdart.com\/index.php\/wp-json\/wp\/v2\/users\/1"}],"replies":[{"embeddable":true,"href":"https:\/\/serdart.com\/index.php\/wp-json\/wp\/v2\/comments?post=119"}],"version-history":[{"count":22,"href":"https:\/\/serdart.com\/index.php\/wp-json\/wp\/v2\/pages\/119\/revisions"}],"predecessor-version":[{"id":245,"href":"https:\/\/serdart.com\/index.php\/wp-json\/wp\/v2\/pages\/119\/revisions\/245"}],"wp:attachment":[{"href":"https:\/\/serdart.com\/index.php\/wp-json\/wp\/v2\/media?parent=119"}],"curies":[{"name":"wp","href":"https:\/\/api.w.org\/{rel}","templated":true}]}}